{"id":301,"date":"2023-09-17T08:12:01","date_gmt":"2023-09-17T08:12:01","guid":{"rendered":"https:\/\/lacuinade.timit2003.com\/tutuguri\/contacta\/"},"modified":"2025-05-22T11:12:55","modified_gmt":"2025-05-22T11:12:55","slug":"contacte","status":"publish","type":"page","link":"https:\/\/tutuguri.cat\/es\/contacte\/","title":{"rendered":"Contacteu"},"content":{"rendered":"\t\t<div data-elementor-type=\"wp-page\" data-elementor-id=\"301\" class=\"elementor elementor-301 elementor-25\" data-elementor-post-type=\"page\">\n\t\t\t\t\t\t<section class=\"elementor-section elementor-top-section elementor-element elementor-element-4325c85 elementor-section-full_width elementor-section-height-default elementor-section-height-default\" data-id=\"4325c85\" data-element_type=\"section\" data-e-type=\"section\">\n\t\t\t\t\t\t<div class=\"elementor-container elementor-column-gap-default\">\n\t\t\t\t\t<div class=\"elementor-column elementor-col-100 elementor-top-column elementor-element elementor-element-96c7262\" data-id=\"96c7262\" data-element_type=\"column\" data-e-type=\"column\">\n\t\t\t<div class=\"elementor-widget-wrap elementor-element-populated\">\n\t\t\t\t\t\t<div class=\"elementor-element elementor-element-1d77739 elementor--h-position-center elementor--v-position-middle elementor-arrows-position-inside elementor-pagination-position-inside elementor-widget elementor-widget-slides\" data-id=\"1d77739\" data-element_type=\"widget\" data-e-type=\"widget\" data-settings=\"{&quot;navigation&quot;:&quot;both&quot;,&quot;autoplay&quot;:&quot;yes&quot;,&quot;pause_on_hover&quot;:&quot;yes&quot;,&quot;pause_on_interaction&quot;:&quot;yes&quot;,&quot;autoplay_speed&quot;:5000,&quot;infinite&quot;:&quot;yes&quot;,&quot;transition&quot;:&quot;slide&quot;,&quot;transition_speed&quot;:500}\" data-widget_type=\"slides.default\">\n\t\t\t\t<div class=\"elementor-widget-container\">\n\t\t\t\t\t\t\t\t\t<div class=\"elementor-swiper\">\n\t\t\t\t\t<div class=\"elementor-slides-wrapper elementor-main-swiper swiper\" role=\"region\" aria-roledescription=\"carousel\" aria-label=\"Slides\" dir=\"ltr\" data-animation=\"fadeInUp\">\n\t\t\t\t<div class=\"swiper-wrapper elementor-slides\">\n\t\t\t\t\t\t\t\t\t\t<div class=\"elementor-repeater-item-0a1d110 swiper-slide\" role=\"group\" aria-roledescription=\"slide\"><div class=\"swiper-slide-bg\" role=\"img\"><\/div><div class=\"swiper-slide-inner\" ><div class=\"swiper-slide-contents\"><div class=\"elementor-slide-heading\">CONTACTE<\/div><\/div><\/div><\/div>\t\t\t\t<\/div>\n\t\t\t\t\t\t\t<\/div>\n\t\t\t\t<\/div>\n\t\t\t\t\t\t\t\t<\/div>\n\t\t\t\t<\/div>\n\t\t\t\t\t<\/div>\n\t\t<\/div>\n\t\t\t\t\t<\/div>\n\t\t<\/section>\n\t\t\t\t<section class=\"elementor-section elementor-top-section elementor-element elementor-element-ef9acc9 elementor-section-boxed elementor-section-height-default elementor-section-height-default\" data-id=\"ef9acc9\" data-element_type=\"section\" data-e-type=\"section\">\n\t\t\t\t\t\t<div class=\"elementor-container elementor-column-gap-default\">\n\t\t\t\t\t<div class=\"elementor-column elementor-col-100 elementor-top-column elementor-element elementor-element-bbe452c\" data-id=\"bbe452c\" data-element_type=\"column\" data-e-type=\"column\">\n\t\t\t<div class=\"elementor-widget-wrap elementor-element-populated\">\n\t\t\t\t\t\t<div class=\"elementor-element elementor-element-ecf15f7 elementor-widget elementor-widget-text-editor\" data-id=\"ecf15f7\" data-element_type=\"widget\" data-e-type=\"widget\" data-widget_type=\"text-editor.default\">\n\t\t\t\t<div class=\"elementor-widget-container\">\n\t\t\t\t\t\t\t\t\t<p>Estem aqu\u00ed per respondre a totes les vostres preguntes i inquietuds sobre les nostres classes de dansa i oportunitats de col\u00b7laboraci\u00f3 art\u00edstica.<\/p>\n<p>Per connectar amb nosaltres podeu trucar o escriure&nbsp;un correu a:<\/p>\n<p><b>Tel\u00e8fon:&nbsp;<\/b>93 473 83 09<br><b>Correu Electr\u00f2nic:&nbsp;<\/b>espaitutuguri@gmail.com<\/p>\n<p>Esperem amb inter\u00e8s la vostra comunicaci\u00f3 i compartir la nostra passi\u00f3 per la dansa i la creativitat.<\/p>\t\t\t\t\t\t\t\t<\/div>\n\t\t\t\t<\/div>\n\t\t\t\t\t<\/div>\n\t\t<\/div>\n\t\t\t\t\t<\/div>\n\t\t<\/section>\n\t\t\t\t<section class=\"elementor-section elementor-top-section elementor-element elementor-element-a4f4458 elementor-section-boxed elementor-section-height-default elementor-section-height-default\" data-id=\"a4f4458\" data-element_type=\"section\" data-e-type=\"section\">\n\t\t\t\t\t\t<div class=\"elementor-container elementor-column-gap-default\">\n\t\t\t\t\t<div class=\"elementor-column elementor-col-100 elementor-top-column elementor-element elementor-element-2e12c53\" data-id=\"2e12c53\" data-element_type=\"column\" data-e-type=\"column\">\n\t\t\t<div class=\"elementor-widget-wrap elementor-element-populated\">\n\t\t\t\t\t\t<div class=\"elementor-element elementor-element-ee17e76 elementor-widget elementor-widget-google_maps\" data-id=\"ee17e76\" data-element_type=\"widget\" data-e-type=\"widget\" data-widget_type=\"google_maps.default\">\n\t\t\t\t<div class=\"elementor-widget-container\">\n\t\t\t\t\t\t\t<div class=\"elementor-custom-embed\">\n\t\t\t<iframe loading=\"lazy\"\n\t\t\t\t\tsrc=\"https:\/\/maps.google.com\/maps?q=tutuguri&#038;t=m&#038;z=15&#038;output=embed&#038;iwloc=near\"\n\t\t\t\t\ttitle=\"tutuguri\"\n\t\t\t\t\taria-label=\"tutuguri\"\n\t\t\t><\/iframe>\n\t\t<\/div>\n\t\t\t\t\t\t<\/div>\n\t\t\t\t<\/div>\n\t\t\t\t\t<\/div>\n\t\t<\/div>\n\t\t\t\t\t<\/div>\n\t\t<\/section>\n\t\t\t\t<\/div>\n\t\t","protected":false},"excerpt":{"rendered":"<p>CONTACTE Estem aqu\u00ed per respondre a totes les vostres preguntes i inquietuds sobre les nostres classes de dansa i oportunitats de col\u00b7laboraci\u00f3 art\u00edstica. Per connectar amb nosaltres podeu trucar o escriure&nbsp;un correu a: Tel\u00e8fon:&nbsp;93 473 83 09Correu Electr\u00f2nic:&nbsp;espaitutuguri@gmail.com Esperem amb inter\u00e8s la vostra comunicaci\u00f3 i compartir la nostra passi\u00f3 per la dansa i la creativitat.<\/p>\n","protected":false},"author":1,"featured_media":0,"parent":0,"menu_order":0,"comment_status":"closed","ping_status":"closed","template":"","meta":{"footnotes":""},"class_list":["post-301","page","type-page","status-publish","hentry"],"acf":[],"_links":{"self":[{"href":"https:\/\/tutuguri.cat\/es\/wp-json\/wp\/v2\/pages\/301","targetHints":{"allow":["GET"]}}],"collection":[{"href":"https:\/\/tutuguri.cat\/es\/wp-json\/wp\/v2\/pages"}],"about":[{"href":"https:\/\/tutuguri.cat\/es\/wp-json\/wp\/v2\/types\/page"}],"author":[{"embeddable":true,"href":"https:\/\/tutuguri.cat\/es\/wp-json\/wp\/v2\/users\/1"}],"replies":[{"embeddable":true,"href":"https:\/\/tutuguri.cat\/es\/wp-json\/wp\/v2\/comments?post=301"}],"version-history":[{"count":52,"href":"https:\/\/tutuguri.cat\/es\/wp-json\/wp\/v2\/pages\/301\/revisions"}],"predecessor-version":[{"id":843,"href":"https:\/\/tutuguri.cat\/es\/wp-json\/wp\/v2\/pages\/301\/revisions\/843"}],"wp:attachment":[{"href":"https:\/\/tutuguri.cat\/es\/wp-json\/wp\/v2\/media?parent=301"}],"curies":[{"name":"wp","href":"https:\/\/api.w.org\/{rel}","templated":true}]}}